{"id":693,"date":"2017-05-08T05:34:53","date_gmt":"2017-05-08T02:34:53","guid":{"rendered":"http:\/\/koylumgrup.com\/?page_id=693"},"modified":"2017-05-08T05:37:50","modified_gmt":"2017-05-08T02:37:50","slug":"information-technologies","status":"publish","type":"page","link":"https:\/\/koylumgrup.com\/en\/information-technologies\/","title":{"rendered":"Information Technologies"},"content":{"rendered":"<section class=\"l-section wpb_row height_medium\"><div class=\"l-section-h i-cf\"><div class=\"g-cols type_small valign_top\"><div class=\"vc_col-sm-12 wpb_column vc_column_container\"><div class=\"vc_column-inner\"><div class=\"wpb_wrapper\"><div class=\"g-cols wpb_row type_default valign_top vc_column-gap-10 vc_inner \"><div class=\"vc_col-sm-8 wpb_column vc_column_container\"><div class=\"vc_column-inner\"><div class=\"wpb_wrapper\">\n\t<div class=\"wpb_text_column \">\n\t\t<div class=\"wpb_wrapper\">\n\t\t\t<h2>Web Programming<\/h2>\n<p>Web programming, which is the design work of program blocks that make up the substructure of Internet sites, is one of the most needed services of recent years. Web programming, which must be carried out in conjunction with web design and database design, allows the internet sites to perform user control. Web programing that is providing to move for the substructures of websites in orderly and systematic, submits user-friendly panels with expert touches.<br \/>\nA controllable infrastructure is being built in the system where the web programming languages that are used affect the usage and speed of the web site. We also use systems that can easily be integrated into each program in the web programming work that we serve as K\u00f6yl\u00fcm Group. By offering convenient code structure and multiple language options for general use, we provide our customers with advantageous and practical systems. A controllable infrastructure is being built in the system where the web programming languages that are used affect the usage and speed of the web site.<\/p>\n\n\t\t<\/div>\n\t<\/div>\n<\/div><\/div><\/div><div class=\"vc_col-sm-4 wpb_column vc_column_container\"><div class=\"vc_column-inner\"><div class=\"wpb_wrapper\"><div class=\"w-image style_simple\"><div class=\"us-frame\"><img loading=\"lazy\" decoding=\"async\" width=\"768\" height=\"512\" src=\"https:\/\/koylumgrup.com\/wp-content\/uploads\/2017\/04\/OGN35W0-Copy-768x512.jpg\" class=\"attachment-medium_large size-medium_large\" alt=\"\" srcset=\"https:\/\/koylumgrup.com\/wp-content\/uploads\/2017\/04\/OGN35W0-Copy-768x512.jpg 768w, https:\/\/koylumgrup.com\/wp-content\/uploads\/2017\/04\/OGN35W0-Copy-300x200.jpg 300w, https:\/\/koylumgrup.com\/wp-content\/uploads\/2017\/04\/OGN35W0-Copy-1024x683.jpg 1024w, https:\/\/koylumgrup.com\/wp-content\/uploads\/2017\/04\/OGN35W0-Copy-600x400.jpg 600w, https:\/\/koylumgrup.com\/wp-content\/uploads\/2017\/04\/OGN35W0-Copy.jpg 1152w\" sizes=\"auto, (max-width: 768px) 100vw, 768px\" \/><\/div><\/div><\/div><\/div><\/div><\/div><div class=\"w-separator type_default size_medium thick_1 style_solid color_border cont_none\"><span class=\"w-separator-h\"><\/span><\/div><div class=\"g-cols wpb_row type_default valign_top vc_column-gap-10 vc_inner \"><div class=\"vc_col-sm-4 wpb_column vc_column_container\"><div class=\"vc_column-inner\"><div class=\"wpb_wrapper\"><div class=\"w-image style_simple\"><div class=\"us-frame\"><img loading=\"lazy\" decoding=\"async\" width=\"1024\" height=\"683\" src=\"https:\/\/koylumgrup.com\/wp-content\/uploads\/2017\/04\/OGMTAV0-Copy-1024x683.jpg\" class=\"attachment-large size-large\" alt=\"\" srcset=\"https:\/\/koylumgrup.com\/wp-content\/uploads\/2017\/04\/OGMTAV0-Copy-1024x683.jpg 1024w, https:\/\/koylumgrup.com\/wp-content\/uploads\/2017\/04\/OGMTAV0-Copy-300x200.jpg 300w, https:\/\/koylumgrup.com\/wp-content\/uploads\/2017\/04\/OGMTAV0-Copy-768x512.jpg 768w, https:\/\/koylumgrup.com\/wp-content\/uploads\/2017\/04\/OGMTAV0-Copy-600x400.jpg 600w, https:\/\/koylumgrup.com\/wp-content\/uploads\/2017\/04\/OGMTAV0-Copy.jpg 1152w\" sizes=\"auto, (max-width: 1024px) 100vw, 1024px\" \/><\/div><\/div><\/div><\/div><\/div><div class=\"vc_col-sm-8 wpb_column vc_column_container\"><div class=\"vc_column-inner\"><div class=\"wpb_wrapper\">\n\t<div class=\"wpb_text_column \">\n\t\t<div class=\"wpb_wrapper\">\n\t\t\t<h2>Mobile Application Development<\/h2>\n<p>The needs of the communication age are met with increasingly used technology and Mobile devices such as smartphones and tablets that is more contained. They serve daily life thanks to the new mobile applications they have developed on mobile platforms as iOS, Android and Windows Phone. Mobile platforms in practice today make websites suitable for use with many different applications and it provides to users that easy and fast to use.<br \/>\nMobile apps that supply the transfer of corporate identity are often preferred as the most impressive ads on mobile platforms. K\u00f6yl\u00fcm Group works for you to directly reach your target audience with your mobile application development programs specially designed for your company. Finding suitable solutions especially for iOS and Android operating systems, providing integrated service with all systems. With its mobile application development service, which has become a part of daily life, it provides quick access to information by using less data.<br \/>\nWhile K\u00f6yl\u00fcm Group configure your mobile projects, also it design, improve and put your project into practice.<\/p>\n\n\t\t<\/div>\n\t<\/div>\n<\/div><\/div><\/div><\/div><div class=\"w-separator type_default size_medium thick_1 style_solid color_border cont_none\"><span class=\"w-separator-h\"><\/span><\/div><div class=\"g-cols wpb_row type_default valign_top vc_column-gap-10 vc_inner \"><div class=\"vc_col-sm-8 wpb_column vc_column_container\"><div class=\"vc_column-inner\"><div class=\"wpb_wrapper\">\n\t<div class=\"wpb_text_column \">\n\t\t<div class=\"wpb_wrapper\">\n\t\t\t<h2>E-Trade Systems<\/h2>\n<p>Nowadays e-trade systems, have to be built on a trustworthy and powerful basis. Especially to be able to create systems that are compatible with mobile devices and to create systems that are user-friendly are the priorities of the companies.<\/p>\n<p>As K\u00f6yl\u00fcm Group one of the studies that we are doing about informatics are the e-trade systems. With its unique concepts, themes and designs that are ready to use K\u00f6yl\u00fcm Group creates systems that are integrated to all mobile devices and with its design support K\u00f6yl\u00fcm Group offers a fully equipped service. We provide a secure system that takes your work on internet and helps you to put your projects that will take place on information transformation into practice.<\/p>\n<p>Software<br \/>\nFor E-trade site our company makes special software each module being different from one another.<br \/>\nThis software is made by our SEO experts and checked periodically, renewed periodically and made full compatible operation and it preserves its infrastructure.<br \/>\nK\u00f6yl\u00fcm Group designs systems that are compatible with mobile devices, supports your e-trade and works to help you to open your 7\/24 open online shop.<\/p>\n\n\t\t<\/div>\n\t<\/div>\n<\/div><\/div><\/div><div class=\"vc_col-sm-4 wpb_column vc_column_container\"><div class=\"vc_column-inner\"><div class=\"wpb_wrapper\"><div class=\"w-image style_simple\"><div class=\"us-frame\"><img loading=\"lazy\" decoding=\"async\" width=\"1152\" height=\"768\" src=\"https:\/\/koylumgrup.com\/wp-content\/uploads\/2017\/04\/OGMQ3T0-Copy.jpg\" class=\"attachment-full size-full\" alt=\"\" srcset=\"https:\/\/koylumgrup.com\/wp-content\/uploads\/2017\/04\/OGMQ3T0-Copy.jpg 1152w, https:\/\/koylumgrup.com\/wp-content\/uploads\/2017\/04\/OGMQ3T0-Copy-300x200.jpg 300w, https:\/\/koylumgrup.com\/wp-content\/uploads\/2017\/04\/OGMQ3T0-Copy-768x512.jpg 768w, https:\/\/koylumgrup.com\/wp-content\/uploads\/2017\/04\/OGMQ3T0-Copy-1024x683.jpg 1024w, https:\/\/koylumgrup.com\/wp-content\/uploads\/2017\/04\/OGMQ3T0-Copy-600x400.jpg 600w\" sizes=\"auto, (max-width: 1152px) 100vw, 1152px\" \/><\/div><\/div><\/div><\/div><\/div><\/div><div class=\"w-separator type_default size_medium thick_1 style_solid color_border cont_none\"><span class=\"w-separator-h\"><\/span><\/div><div class=\"g-cols wpb_row type_default valign_top vc_column-gap-10 vc_inner \"><div class=\"vc_col-sm-4 wpb_column vc_column_container\"><div class=\"vc_column-inner\"><div class=\"wpb_wrapper\"><div class=\"w-image style_simple\"><div class=\"us-frame\"><img loading=\"lazy\" decoding=\"async\" width=\"1087\" height=\"768\" src=\"https:\/\/koylumgrup.com\/wp-content\/uploads\/2017\/04\/1306-Copy.jpg\" class=\"attachment-full size-full\" alt=\"\" srcset=\"https:\/\/koylumgrup.com\/wp-content\/uploads\/2017\/04\/1306-Copy.jpg 1087w, https:\/\/koylumgrup.com\/wp-content\/uploads\/2017\/04\/1306-Copy-300x212.jpg 300w, https:\/\/koylumgrup.com\/wp-content\/uploads\/2017\/04\/1306-Copy-768x543.jpg 768w, https:\/\/koylumgrup.com\/wp-content\/uploads\/2017\/04\/1306-Copy-1024x723.jpg 1024w, https:\/\/koylumgrup.com\/wp-content\/uploads\/2017\/04\/1306-Copy-600x424.jpg 600w\" sizes=\"auto, (max-width: 1087px) 100vw, 1087px\" \/><\/div><\/div><\/div><\/div><\/div><div class=\"vc_col-sm-8 wpb_column vc_column_container\"><div class=\"vc_column-inner\"><div class=\"wpb_wrapper\">\n\t<div class=\"wpb_text_column \">\n\t\t<div class=\"wpb_wrapper\">\n\t\t\t<h2>Server Services<\/h2>\n<p>Today, server services are available from a single channel to meet all the needs of your company&#8217;s servers. Companies prefer to have all IT technology processes handled and controlled by a single expert. Implementation of sub-structures such as share, domain, file, exchange of the servers is also as important as the service given.<\/p>\n<p>Server services that forms building blocks of applications, takes servers which known as share or distribute information given on a network to different users or systems, focus point. Servers that establish to run snugly computers for multiple users.<\/p>\n<p>On this field, K\u00f6yl\u00fcm Group gives server service for server safety of computer system, distribute and sharing of information for companies and people.<\/p>\n\n\t\t<\/div>\n\t<\/div>\n<\/div><\/div><\/div><\/div><\/div><\/div><\/div><\/div><\/div><\/section>\n","protected":false},"excerpt":{"rendered":"Corporate Corporate Our Values Customer Services Contact Projects Completed Projects Ongoing projects Sales Ongoing Projects Operations Construction Real-Estate Architecture Energy Energy Investments Information Technologies International...","protected":false},"author":1,"featured_media":0,"parent":0,"menu_order":0,"comment_status":"closed","ping_status":"closed","template":"","meta":{"footnotes":""},"class_list":["post-693","page","type-page","status-publish","hentry"],"_links":{"self":[{"href":"https:\/\/koylumgrup.com\/en\/wp-json\/wp\/v2\/pages\/693","targetHints":{"allow":["GET"]}}],"collection":[{"href":"https:\/\/koylumgrup.com\/en\/wp-json\/wp\/v2\/pages"}],"about":[{"href":"https:\/\/koylumgrup.com\/en\/wp-json\/wp\/v2\/types\/page"}],"author":[{"embeddable":true,"href":"https:\/\/koylumgrup.com\/en\/wp-json\/wp\/v2\/users\/1"}],"replies":[{"embeddable":true,"href":"https:\/\/koylumgrup.com\/en\/wp-json\/wp\/v2\/comments?post=693"}],"version-history":[{"count":4,"href":"https:\/\/koylumgrup.com\/en\/wp-json\/wp\/v2\/pages\/693\/revisions"}],"predecessor-version":[{"id":696,"href":"https:\/\/koylumgrup.com\/en\/wp-json\/wp\/v2\/pages\/693\/revisions\/696"}],"wp:attachment":[{"href":"https:\/\/koylumgrup.com\/en\/wp-json\/wp\/v2\/media?parent=693"}],"curies":[{"name":"wp","href":"https:\/\/api.w.org\/{rel}","templated":true}]}}