{"id":666,"date":"2017-05-04T06:22:58","date_gmt":"2017-05-04T03:22:58","guid":{"rendered":"http:\/\/koylumgrup.com\/?page_id=666"},"modified":"2017-05-08T06:33:28","modified_gmt":"2017-05-08T03:33:28","slug":"trade-investment","status":"publish","type":"page","link":"https:\/\/koylumgrup.com\/en\/trade-investment\/","title":{"rendered":"Trade Investment"},"content":{"rendered":"<section class=\"l-section wpb_row height_medium\"><div class=\"l-section-h i-cf\"><div class=\"g-cols type_small valign_top\"><div class=\"vc_col-sm-12 wpb_column vc_column_container\"><div class=\"vc_column-inner\"><div class=\"wpb_wrapper\"><div class=\"g-cols wpb_row type_small valign_top vc_inner \"><div class=\"vc_col-sm-12 wpb_column vc_column_container\"><div class=\"vc_column-inner\"><div class=\"wpb_wrapper\">\n\t<div class=\"wpb_text_column \">\n\t\t<div class=\"wpb_wrapper\">\n\t\t\t<h2>Business Operations<\/h2>\n<p>The <strong>K\u00f6yl\u00fcm Group<\/strong> has taken an irreplaceable place in the sector with its projects and works carried out especially in the fields of construction, energy and commerce since 1990&#8217;s. Experienced staff who has been working for many years, continues to work for the development of the sector with its competent staff and institutional structure. The <strong>K\u00f6yl\u00fcm Group<\/strong>, making a difference to its competitors in terms of visionary by fulfilling its duty, continues to invest in production and trade.<\/p>\n<h2>Foreign Business<\/h2>\n<p>Foreign trade, which is related to the flow of the capital out of the national borders and which is a significant contribution to the development of the country&#8217;s economy, is becoming more important in our country, day by day. The way which is pursued by products and services which arrived last customer contributes to the national capital of countries in the direction of decreasing imports and exports. The decisions and measures taken by the policies of the country determine the foreign trade policy and create relations with neighbouring and other countries. Being together with specialists on areas of customs, prohibitions, trade agreements, subsidies and administrative protection, will ensure that foreign trade is proceeding firmly at the international level. Concept of foreign trade that named invisible trade and contain international investment, broadly includes all economic relations.<br \/>\nForeign trade is not only maintain balance of payments For <strong>K\u00f6yl\u00fcm Group<\/strong>, it is all phases of production, investment, growth and development. <strong>K\u00f6yl\u00fcm Group<\/strong> with the services its provided, takes into account the details this area of global market, and finds market for excess supply goods or pave the way to create markets for this goods.<\/p>\n<h2>E-Trade<\/h2>\n<p>E-commerce, considered the electronic version of the trade, is now among the essentials for companies. The number of companies that are established in this environment is increasing day by day in the increasingly digitalized world. Issues such as brand equity and entrepreneurship, which are the subcomponents of international trade, are of primarily important for removing obstacles of international trade.<\/p>\n<p>It is aimed at supporting international trade and competition and developing new partnerships that are emerging in order to create a free trade environment. This method, which is also important for non-privileged trade, also aims to support economic reforms.<\/p>\n<p>In this sense, the <strong>K\u00f6yl\u00fcm Group<\/strong>, which supports open and transparent trade, works in harmony with its partners to ensure that the privileges of international trade do not come to the fore on the basis of fair competition.<\/p>\n<h2>Sundrive<\/h2>\n<p>Sundrive which start to work with the aim of using solar energy efficiently, differ from sectoral alternatives with different module design options. It is aim to provide maximum efficiency with helping you to choose the right module for your business<\/p>\n<p>Sundrive is one of the most preferred products with a productivity of 15-16% as one of the high efficiency modules. It provides %10 more energy by panels with 250w and 260w.<\/p>\n<p>Sundrive serves the purpose with solutions of solar energy and energy storage, which its provide with solar panel, solar energy pump inverter, solar charge regulator, energy storage network inverter, network pv converter.<\/p>\n\n\t\t<\/div>\n\t<\/div>\n\n\t<div class=\"wpb_text_column \">\n\t\t<div class=\"wpb_wrapper\">\n\t\t\t<h2>K\u00f6yl\u00fcm Plastics<\/h2>\n<p><strong>K\u00f6yl\u00fcm Plastics<\/strong> is making brand new terraces, caf\u00e9s, balconies, office glass partitions and many other kind of glass balconies with its new brand named Yeni Cambalkon. <strong>K\u00f6yl\u00fcm Plastics<\/strong>, contributes to the economy of the country and human life, provides PVC plastic joinery and aluminium joinery services.<br \/>\n<strong>K\u00f6yl\u00fcm Plastics<\/strong> takes its place among the country\u2019s and the world\u2019s best companies<\/p>\n<p><strong>K\u00f6yl\u00fcm Plastics<\/strong> continues to provide quality service for many years with its expertise in the field of fly screening, shower cabinets and korkuluk k\u00fcpe\u015fte. In addition to all other fields of activity, <strong>K\u00f6yl\u00fcm Plastics<\/strong> also takes its place among the country&#8217;s and the world&#8217;s best companies in this field.<\/p>\n<p><strong>K\u00f6yl\u00fcm Group<\/strong> which continues to make investments on Solar Energy Systems, which is called \u201cSolar Farm\u201d since 2014, has established the first solar fields of the Sivas region.<\/p>\n\n\t\t<\/div>\n\t<\/div>\n<\/div><\/div><\/div><\/div><\/div><\/div><\/div><\/div><\/div><\/section>\n","protected":false},"excerpt":{"rendered":"Corporate Corporate Our Values Customer Services Contact Projects Completed Projects Ongoing projects Sales Ongoing Projects Operations Construction Real-Estate Architecture Energy Energy Investments Information Technologies International...","protected":false},"author":1,"featured_media":0,"parent":0,"menu_order":0,"comment_status":"closed","ping_status":"closed","template":"","meta":{"footnotes":""},"class_list":["post-666","page","type-page","status-publish","hentry"],"_links":{"self":[{"href":"https:\/\/koylumgrup.com\/en\/wp-json\/wp\/v2\/pages\/666","targetHints":{"allow":["GET"]}}],"collection":[{"href":"https:\/\/koylumgrup.com\/en\/wp-json\/wp\/v2\/pages"}],"about":[{"href":"https:\/\/koylumgrup.com\/en\/wp-json\/wp\/v2\/types\/page"}],"author":[{"embeddable":true,"href":"https:\/\/koylumgrup.com\/en\/wp-json\/wp\/v2\/users\/1"}],"replies":[{"embeddable":true,"href":"https:\/\/koylumgrup.com\/en\/wp-json\/wp\/v2\/comments?post=666"}],"version-history":[{"count":6,"href":"https:\/\/koylumgrup.com\/en\/wp-json\/wp\/v2\/pages\/666\/revisions"}],"predecessor-version":[{"id":716,"href":"https:\/\/koylumgrup.com\/en\/wp-json\/wp\/v2\/pages\/666\/revisions\/716"}],"wp:attachment":[{"href":"https:\/\/koylumgrup.com\/en\/wp-json\/wp\/v2\/media?parent=666"}],"curies":[{"name":"wp","href":"https:\/\/api.w.org\/{rel}","templated":true}]}}