{"id":277,"date":"2017-04-18T04:46:19","date_gmt":"2017-04-18T01:46:19","guid":{"rendered":"http:\/\/koylumgrup.com\/?page_id=277"},"modified":"2019-08-28T04:50:45","modified_gmt":"2019-08-28T01:50:45","slug":"energy-investments","status":"publish","type":"page","link":"https:\/\/koylumgrup.com\/en\/energy-investments\/","title":{"rendered":"Energy Investments"},"content":{"rendered":"<section class=\"l-section wpb_row height_medium\"><div class=\"l-section-h i-cf\"><div class=\"g-cols type_small valign_top\"><div class=\"vc_col-sm-12 wpb_column vc_column_container\"><div class=\"vc_column-inner\"><div class=\"wpb_wrapper\"><div class=\"g-cols wpb_row type_small valign_top vc_inner \"><div class=\"vc_col-sm-12 wpb_column vc_column_container\"><div class=\"vc_column-inner\"><div class=\"wpb_wrapper\">\n\t<div class=\"wpb_text_column \">\n\t\t<div class=\"wpb_wrapper\">\n\t\t\t<h2>K\u00f6yl\u00fcm Energy Investments<\/h2>\n<p><strong>K\u00f6yl\u00fcm Group<\/strong>, which follows closely the innovations in energy sector, expedite the energy investments parallel with the developments in solar energy. Our company enhance local and sustainable energy sources investments each and every day. With the new investments in this sector, we aim to reach 85.000.000 kWh energy producing capacity in 2017.<br \/>\n<strong>K\u00f6yl\u00fcm Group<\/strong>, which sets energy investments as a priority, continue it\u2019s activities from wind energy to solar energy; from geothermal energy systems to hydro-electric power. Our group have actively running projects in these areas and support the investments which are in the phase of designing.<br \/>\nThe SES investment that built for Sivas Special Provincial Administration and Sivas Meat and Milk Institution producing 1100 kWp per year. This completed project take place in Koval\u0131 and have contract price of 4 million TL.<br \/>\nBesides, the 1.5 million Tl value co-funding project that made with Yeni Y\u0131ld\u0131z Energy Inc. in Sivas, Kangal will completed recently and producing 1750 MWH energy per year.<br \/>\n<strong>K\u00f6yl\u00fcm Group<\/strong>, which started to produce energy in 2016, sets the goal 10 Megabyte for 2017, and in order to accomplish it our group designing new projects and evaluating them. We make our investment plans in domestic and abroad and targeted to fulfill it early.<\/p>\n\n\t\t<\/div>\n\t<\/div>\n<\/div><\/div><\/div><\/div><\/div><\/div><\/div><\/div><\/div><\/section><section class=\"l-section wpb_row height_medium\"><div class=\"l-section-h i-cf\"><div class=\"g-cols type_small valign_top\"><div class=\"vc_col-sm-12 wpb_column vc_column_container\"><div class=\"vc_column-inner\"><div class=\"wpb_wrapper\"><div class=\"w-tabs layout_modern icon_chevron iconpos_right \"><div class=\"w-tabs-list items_4\"><div class=\"w-tabs-list-h\"><div class=\"w-tabs-item active with_icon\"><a href=\"#1493870229107-6558cd24-548b\" class=\"w-tabs-item-h\"><i class=\"fa fa-check\"><\/i><span class=\"w-tabs-item-title\">Sivas Kangal SPP<\/span><\/a><\/div>\n<div class=\"w-tabs-item with_icon\"><a href=\"#1493870228962-765016bd-1ab1\" class=\"w-tabs-item-h\"><i class=\"fa fa-check\"><\/i><span class=\"w-tabs-item-title\">Sivas SPP<\/span><\/a><\/div>\n<div class=\"w-tabs-item with_icon\"><a href=\"#1493870522878-14278901-fd72\" class=\"w-tabs-item-h\"><i class=\"fa fa-check\"><\/i><span class=\"w-tabs-item-title\">Nev\u015fehir SPP<\/span><\/a><\/div>\n<div class=\"w-tabs-item with_icon\"><a href=\"#1493870755397-6315822c-9f0e\" class=\"w-tabs-item-h\"><i class=\"fa fa-check\"><\/i><span class=\"w-tabs-item-title\">\u0130zmir SPP<\/span><\/a><\/div>\n<\/div><\/div><div class=\"w-tabs-sections\"><div class=\"w-tabs-sections-h\"><div class=\"w-tabs-section with_icon active\" id=\"1493870229107-6558cd24-548b\"><a href=\"#1493870229107-6558cd24-548b\" class=\"w-tabs-section-header\"><div class=\"w-tabs-section-header-h\"><i class=\"fa fa-check\"><\/i><h5 class=\"w-tabs-section-title\">Sivas Kangal SPP<\/h5><div class=\"w-tabs-section-control\"><\/div><\/div><\/a><div class=\"w-tabs-section-content\"><div class=\"w-tabs-section-content-h i-cf\"><div class=\"g-cols wpb_row type_small valign_top vc_inner \"><div class=\"vc_col-sm-6 wpb_column vc_column_container\"><div class=\"vc_column-inner\"><div class=\"wpb_wrapper\">\n\t<div class=\"wpb_text_column \">\n\t\t<div class=\"wpb_wrapper\">\n\t\t\t<h2>Sivas Kangal SPP<\/h2>\n<p>It is carried out by the Solar Power Plant that has 1750 MWH capacity and with the investor partnership of Yeni Y\u0131ld\u0131z Enerji Inc.<br \/>\n<strong>Project Name:\u00a0<\/strong>Sivas Kangal SPP<br \/>\n<strong>Project Location:<\/strong>\u00a0Sivas Kangal<br \/>\n<strong>Project Power:<\/strong>\u00a01750 MWH<br \/>\n<strong>Project Status:<\/strong>\u00a0Completed.<\/p>\n\n\t\t<\/div>\n\t<\/div>\n<div class=\"w-image style_simple\"><div class=\"us-frame\"><img loading=\"lazy\" decoding=\"async\" width=\"150\" height=\"99\" src=\"https:\/\/koylumgrup.com\/wp-content\/uploads\/2017\/04\/Yeni-Yildiz-Enerji-e1493087373264.png\" class=\"attachment-full size-full\" alt=\"\" \/><\/div><\/div><\/div><\/div><\/div><div class=\"vc_col-sm-6 wpb_column vc_column_container\"><div class=\"vc_column-inner\"><div class=\"wpb_wrapper\">\n\t<div class=\"wpb_text_column \">\n\t\t<div class=\"wpb_wrapper\">\n\t\t\t<p><iframe loading=\"lazy\" src=\"https:\/\/www.youtube.com\/embed\/JsDPJtWYXjo\" width=\"560\" height=\"315\" frameborder=\"0\" allowfullscreen=\"allowfullscreen\"><\/iframe><\/p>\n\n\t\t<\/div>\n\t<\/div>\n<div class=\"w-slider\"><div class=\"us-frame\"><div class=\"royalSlider\"><div class=\"rsContent\"><a class=\"rsImg\" data-rsw=\"1024\" data-rsh=\"768\" href=\"https:\/\/koylumgrup.com\/wp-content\/uploads\/2017\/04\/DJI_0002-1024x768.jpg\"><\/a><\/div><div class=\"rsContent\"><a class=\"rsImg\" data-rsw=\"1024\" data-rsh=\"768\" href=\"https:\/\/koylumgrup.com\/wp-content\/uploads\/2017\/04\/DJI_0001-1024x768.jpg\"><\/a><\/div><div class=\"rsContent\"><a class=\"rsImg\" data-rsw=\"1024\" data-rsh=\"768\" href=\"https:\/\/koylumgrup.com\/wp-content\/uploads\/2017\/04\/DJI_0008-1024x768.jpg\"><\/a><\/div><div class=\"rsContent\"><a class=\"rsImg\" data-rsw=\"1024\" data-rsh=\"768\" href=\"https:\/\/koylumgrup.com\/wp-content\/uploads\/2017\/04\/DJI_0006-1024x768.jpg\"><\/a><\/div><\/div><img decoding=\"async\" src=\"https:\/\/koylumgrup.com\/wp-content\/uploads\/2017\/04\/DJI_0002-1024x768.jpg\" alt=\"\"><\/div><div class=\"w-slider-json\" onclick='return {&quot;transitionSpeed&quot;:300,&quot;loopRewind&quot;:true,&quot;slidesSpacing&quot;:0,&quot;imageScalePadding&quot;:0,&quot;numImagesToPreload&quot;:2,&quot;arrowsNav&quot;:true,&quot;arrowsNavAutoHide&quot;:false,&quot;transitionType&quot;:&quot;move&quot;,&quot;block&quot;:{&quot;moveEffect&quot;:&quot;none&quot;,&quot;speed&quot;:300},&quot;controlNavigation&quot;:&quot;none&quot;,&quot;imageScaleMode&quot;:&quot;fit-if-smaller&quot;,&quot;autoScaleSlider&quot;:true,&quot;autoScaleSliderWidth&quot;:1024,&quot;autoScaleSliderHeight&quot;:768,&quot;fitInViewport&quot;:false}'><\/div><\/div><\/div><\/div><\/div><\/div><\/div><\/div><\/div><div class=\"w-tabs-section with_icon\" id=\"1493870228962-765016bd-1ab1\"><a href=\"#1493870228962-765016bd-1ab1\" class=\"w-tabs-section-header\"><div class=\"w-tabs-section-header-h\"><i class=\"fa fa-check\"><\/i><h5 class=\"w-tabs-section-title\">Sivas SPP<\/h5><div class=\"w-tabs-section-control\"><\/div><\/div><\/a><div class=\"w-tabs-section-content\"><div class=\"w-tabs-section-content-h i-cf\"><div class=\"g-cols wpb_row type_small valign_top vc_inner \"><div class=\"vc_col-sm-6 wpb_column vc_column_container\"><div class=\"vc_column-inner\"><div class=\"wpb_wrapper\">\n\t<div class=\"wpb_text_column \">\n\t\t<div class=\"wpb_wrapper\">\n\t\t\t<h2>Sivas SPP<\/h2>\n<p>With the collaboration of Sivas Special Provincial Administration, in order to allocate to Sivas Meat and Milk Institute, Solar Power Plant Project has realized.<br \/>\n<strong>Project Name:\u00a0<\/strong>Sivas SPP<br \/>\n<strong>Project Location:<\/strong>\u00a0Sivas Koval\u0131<br \/>\n<strong>Project Power:\u00a0<\/strong>1100 KWP<br \/>\n<strong>Project Status:<\/strong>\u00a0Completed.<\/p>\n\n\t\t<\/div>\n\t<\/div>\n<\/div><\/div><\/div><div class=\"vc_col-sm-6 wpb_column vc_column_container\"><div class=\"vc_column-inner\"><div class=\"wpb_wrapper\"><div class=\"w-slider\"><div class=\"us-frame\"><div class=\"royalSlider\"><div class=\"rsContent\"><a class=\"rsImg\" data-rsw=\"1024\" data-rsh=\"768\" href=\"https:\/\/koylumgrup.com\/wp-content\/uploads\/2017\/04\/IMG_7268-Copy-1024x768.jpg\"><\/a><\/div><div class=\"rsContent\"><a class=\"rsImg\" data-rsw=\"1024\" data-rsh=\"768\" href=\"https:\/\/koylumgrup.com\/wp-content\/uploads\/2017\/04\/IMG_7270-Copy-1024x768.jpg\"><\/a><\/div><div class=\"rsContent\"><a class=\"rsImg\" data-rsw=\"1024\" data-rsh=\"768\" href=\"https:\/\/koylumgrup.com\/wp-content\/uploads\/2017\/04\/IMG_7265-Copy-1024x768.jpg\"><\/a><\/div><div class=\"rsContent\"><a class=\"rsImg\" data-rsw=\"1024\" data-rsh=\"768\" href=\"https:\/\/koylumgrup.com\/wp-content\/uploads\/2017\/04\/IMG_7259-Copy-1024x768.jpg\"><\/a><\/div><div class=\"rsContent\"><a class=\"rsImg\" data-rsw=\"1024\" data-rsh=\"768\" href=\"https:\/\/koylumgrup.com\/wp-content\/uploads\/2017\/04\/IMG_7283-Copy-1024x768.jpg\"><\/a><\/div><div class=\"rsContent\"><a class=\"rsImg\" data-rsw=\"1024\" data-rsh=\"768\" href=\"https:\/\/koylumgrup.com\/wp-content\/uploads\/2017\/04\/IMG_7280-Copy-1024x768.jpg\"><\/a><\/div><div class=\"rsContent\"><a class=\"rsImg\" data-rsw=\"1024\" data-rsh=\"768\" href=\"https:\/\/koylumgrup.com\/wp-content\/uploads\/2017\/04\/IMG_7273-Copy-1024x768.jpg\"><\/a><\/div><\/div><img decoding=\"async\" src=\"https:\/\/koylumgrup.com\/wp-content\/uploads\/2017\/04\/IMG_7268-Copy-1024x768.jpg\" alt=\"\"><\/div><div class=\"w-slider-json\" onclick='return {&quot;transitionSpeed&quot;:300,&quot;loopRewind&quot;:true,&quot;slidesSpacing&quot;:0,&quot;imageScalePadding&quot;:0,&quot;numImagesToPreload&quot;:2,&quot;arrowsNav&quot;:true,&quot;arrowsNavAutoHide&quot;:false,&quot;transitionType&quot;:&quot;move&quot;,&quot;block&quot;:{&quot;moveEffect&quot;:&quot;none&quot;,&quot;speed&quot;:300},&quot;controlNavigation&quot;:&quot;none&quot;,&quot;imageScaleMode&quot;:&quot;fit-if-smaller&quot;,&quot;autoScaleSlider&quot;:true,&quot;autoScaleSliderWidth&quot;:1024,&quot;autoScaleSliderHeight&quot;:768,&quot;fitInViewport&quot;:false}'><\/div><\/div><\/div><\/div><\/div><\/div><\/div><\/div><\/div><div class=\"w-tabs-section with_icon\" id=\"1493870522878-14278901-fd72\"><a href=\"#1493870522878-14278901-fd72\" class=\"w-tabs-section-header\"><div class=\"w-tabs-section-header-h\"><i class=\"fa fa-check\"><\/i><h5 class=\"w-tabs-section-title\">Nev\u015fehir SPP<\/h5><div class=\"w-tabs-section-control\"><\/div><\/div><\/a><div class=\"w-tabs-section-content\"><div class=\"w-tabs-section-content-h i-cf\"><div class=\"g-cols wpb_row type_small valign_top vc_inner \"><div class=\"vc_col-sm-6 wpb_column vc_column_container\"><div class=\"vc_column-inner\"><div class=\"wpb_wrapper\">\n\t<div class=\"wpb_text_column \">\n\t\t<div class=\"wpb_wrapper\">\n\t\t\t<h2>Nev\u015fehir\u00a0SSP<\/h2>\n<p>Mayges Enerji \u00dcretim i\u015fbirli\u011finde 3 megawatt kapasiteli G\u00fcne\u015f Enerjisi Santrali projesi ger\u00e7ekle\u015ftirilmektedir.<\/p>\n<p><strong>Project Name:\u00a0<\/strong>Nev\u015fehir SPP<br \/>\n<strong>Project Location:<\/strong> G\u00fcl\u015fehir Nev\u015fehir<br \/>\n<strong>Project Power: <\/strong>3 megawatt<br \/>\n<strong>Project Status:<\/strong>\u00a0Completed<\/p>\n\n\t\t<\/div>\n\t<\/div>\n<\/div><\/div><\/div><div class=\"vc_col-sm-6 wpb_column vc_column_container\"><div class=\"vc_column-inner\"><div class=\"wpb_wrapper\">\n\t<div class=\"wpb_text_column \">\n\t\t<div class=\"wpb_wrapper\">\n\t\t\t<p><iframe loading=\"lazy\" src=\"https:\/\/www.youtube.com\/embed\/cheQOIn-vBE\" width=\"560\" height=\"315\" frameborder=\"0\" allowfullscreen=\"allowfullscreen\"><\/iframe><\/p>\n\n\t\t<\/div>\n\t<\/div>\n<\/div><\/div><\/div><\/div><\/div><\/div><\/div><div class=\"w-tabs-section with_icon\" id=\"1493870755397-6315822c-9f0e\"><a href=\"#1493870755397-6315822c-9f0e\" class=\"w-tabs-section-header\"><div class=\"w-tabs-section-header-h\"><i class=\"fa fa-check\"><\/i><h5 class=\"w-tabs-section-title\">\u0130zmir SPP<\/h5><div class=\"w-tabs-section-control\"><\/div><\/div><\/a><div class=\"w-tabs-section-content\"><div class=\"w-tabs-section-content-h i-cf\"><div class=\"g-cols wpb_row type_small valign_top vc_inner \"><div class=\"vc_col-sm-6 wpb_column vc_column_container\"><div class=\"vc_column-inner\"><div class=\"wpb_wrapper\">\n\t<div class=\"wpb_text_column \">\n\t\t<div class=\"wpb_wrapper\">\n\t\t\t<h2>\u0130zmir\u00a0SSP<\/h2>\n<p>Y\u00fcksekk\u00f6y Enerji \u00dcretim i\u015fbirli\u011finde 2 megawatt kapasiteli G\u00fcne\u015f Enerjisi Santrali projesi ger\u00e7ekle\u015ftirilmektedir.<\/p>\n<p><strong>Project Name: <\/strong>\u0130zmir\u00a0SPP<br \/>\n<strong>Project Location:<\/strong> Narl\u0131dere \u0130zmir<br \/>\n<strong>Project Power: <\/strong>3 megawatt<br \/>\n<strong>Project Status:<\/strong>\u00a0Completed<\/p>\n\n\t\t<\/div>\n\t<\/div>\n<\/div><\/div><\/div><div class=\"vc_col-sm-6 wpb_column vc_column_container\"><div class=\"vc_column-inner\"><div class=\"wpb_wrapper\"><div class=\"w-separator type_invisible size_medium thick_1 style_solid color_border cont_none\"><span class=\"w-separator-h\"><\/span><\/div><\/div><\/div><\/div><\/div><\/div><\/div><\/div><\/div><\/div><\/div><\/div><\/div><\/div><\/div><\/div><\/section>\n","protected":false},"excerpt":{"rendered":"Corporate Corporate Our Values Customer Services Contact Projects Completed Projects Ongoing projects Sales Ongoing Projects Operations Construction Real-Estate Architecture Energy Energy Investments Information Technologies International...","protected":false},"author":1,"featured_media":0,"parent":0,"menu_order":0,"comment_status":"closed","ping_status":"closed","template":"","meta":{"footnotes":""},"class_list":["post-277","page","type-page","status-publish","hentry"],"_links":{"self":[{"href":"https:\/\/koylumgrup.com\/en\/wp-json\/wp\/v2\/pages\/277","targetHints":{"allow":["GET"]}}],"collection":[{"href":"https:\/\/koylumgrup.com\/en\/wp-json\/wp\/v2\/pages"}],"about":[{"href":"https:\/\/koylumgrup.com\/en\/wp-json\/wp\/v2\/types\/page"}],"author":[{"embeddable":true,"href":"https:\/\/koylumgrup.com\/en\/wp-json\/wp\/v2\/users\/1"}],"replies":[{"embeddable":true,"href":"https:\/\/koylumgrup.com\/en\/wp-json\/wp\/v2\/comments?post=277"}],"version-history":[{"count":11,"href":"https:\/\/koylumgrup.com\/en\/wp-json\/wp\/v2\/pages\/277\/revisions"}],"predecessor-version":[{"id":1044,"href":"https:\/\/koylumgrup.com\/en\/wp-json\/wp\/v2\/pages\/277\/revisions\/1044"}],"wp:attachment":[{"href":"https:\/\/koylumgrup.com\/en\/wp-json\/wp\/v2\/media?parent=277"}],"curies":[{"name":"wp","href":"https:\/\/api.w.org\/{rel}","templated":true}]}}