{"id":222,"date":"2017-04-18T03:01:37","date_gmt":"2017-04-18T00:01:37","guid":{"rendered":"http:\/\/koylumgrup.com\/?page_id=222"},"modified":"2017-05-10T01:57:12","modified_gmt":"2017-05-09T22:57:12","slug":"construction","status":"publish","type":"page","link":"https:\/\/koylumgrup.com\/en\/construction\/","title":{"rendered":"Construction"},"content":{"rendered":"<section class=\"l-section wpb_row height_medium\"><div class=\"l-section-h i-cf\"><div class=\"g-cols type_small valign_top\"><div class=\"vc_col-sm-12 wpb_column vc_column_container\"><div class=\"vc_column-inner\"><div class=\"wpb_wrapper\"><div class=\"g-cols wpb_row type_small valign_top vc_inner \"><div class=\"vc_col-sm-12 wpb_column vc_column_container\"><div class=\"vc_column-inner\"><div class=\"wpb_wrapper\">\n\t<div class=\"wpb_text_column \">\n\t\t<div class=\"wpb_wrapper\">\n\t\t\t<h2>K\u00f6yl\u00fcm Construction<\/h2>\n<p><strong>K\u00f6yl\u00fcm Group<\/strong> which started in 1990 with iron joinery, continue with a 750 flat cooperative project in 1995. After the work of municipal building, shop, balcony and door projects, <strong>K\u00f6yl\u00fcm Construction<\/strong> and Energy focused on plastic and joinery projects between 1996 and 2000. Then <strong>K\u00f6yl\u00fcm Group<\/strong> franchise corporate companies like Y\u0131ld\u0131zPen and F\u0131ratPen, since 2003 the group continue it\u2019s work with construction projects with flat for land method and continue to grow.<br \/>\nWith the experiences of long-term and wide range work, <strong>K\u00f6yl\u00fcm Group<\/strong> accomplish countless numbers of qualified construction projects through commitments and quality principles.<br \/>\nEspecially from designing new areas of living to construction business, to real estate buying and selling, our company serve from a to z; and passionate about being in works that worth our name with the experiences and power.<\/p>\n<ul>\n<li>The main activity areas of <strong>K\u00f6yl\u00fcm Group<\/strong>;<\/li>\n<li>Constructions of residential buildings<\/li>\n<li>Constructions of plaza and business center buildings<\/li>\n<li>Constructions of commercial and cultural building<\/li>\n<li>Constructions of hotels.<\/li>\n<\/ul>\n<p>By this time <strong>K\u00f6yl\u00fcm Group<\/strong> have 17 projects, 300 area of living and 30.630 m\u2019 area of projects and we increase our experiences with residence, commercial and cultural building projects.<\/p>\n\n\t\t<\/div>\n\t<\/div>\n<\/div><\/div><\/div><\/div><\/div><\/div><\/div><\/div><\/div><\/section><section class=\"l-section wpb_row height_medium\"><div class=\"l-section-h i-cf\"><div class=\"g-cols type_small valign_top\"><div class=\"vc_col-sm-4 wpb_column vc_column_container\"><div class=\"vc_column-inner\"><div class=\"wpb_wrapper\"><div class=\"w-image style_simple\"><div class=\"us-frame\"><a href=\"http:\/\/koylumgrup.com\/tamamlanan-projeler\/\" title=\"\" target=\"\" rel=\"\"><img loading=\"lazy\" decoding=\"async\" width=\"600\" height=\"523\" src=\"https:\/\/koylumgrup.com\/wp-content\/uploads\/2017\/04\/TAMAMLANAN-1.png\" class=\"attachment-full size-full\" alt=\"\" srcset=\"https:\/\/koylumgrup.com\/wp-content\/uploads\/2017\/04\/TAMAMLANAN-1.png 600w, https:\/\/koylumgrup.com\/wp-content\/uploads\/2017\/04\/TAMAMLANAN-1-300x262.png 300w\" sizes=\"auto, (max-width: 600px) 100vw, 600px\" \/><\/a><\/div><\/div><\/div><\/div><\/div><div class=\"vc_col-sm-4 wpb_column vc_column_container\"><div class=\"vc_column-inner\"><div class=\"wpb_wrapper\"><div class=\"w-image style_simple\"><div class=\"us-frame\"><a href=\"http:\/\/koylumgrup.com\/devam-eden-projeler\/\" title=\"\" target=\"\" rel=\"\"><img loading=\"lazy\" decoding=\"async\" width=\"600\" height=\"523\" src=\"https:\/\/koylumgrup.com\/wp-content\/uploads\/2017\/04\/DEVAM-EDEN.png\" class=\"attachment-full size-full\" alt=\"\" srcset=\"https:\/\/koylumgrup.com\/wp-content\/uploads\/2017\/04\/DEVAM-EDEN.png 600w, https:\/\/koylumgrup.com\/wp-content\/uploads\/2017\/04\/DEVAM-EDEN-300x262.png 300w\" sizes=\"auto, (max-width: 600px) 100vw, 600px\" \/><\/a><\/div><\/div><\/div><\/div><\/div><div class=\"vc_col-sm-4 wpb_column vc_column_container\"><div class=\"vc_column-inner\"><div class=\"wpb_wrapper\"><div class=\"w-image style_simple\"><div class=\"us-frame\"><a href=\"http:\/\/koylumgrup.com\/satisi-devam-eden-projeler\/\" title=\"\" target=\"\" rel=\"\"><img loading=\"lazy\" decoding=\"async\" width=\"600\" height=\"523\" src=\"https:\/\/koylumgrup.com\/wp-content\/uploads\/2017\/04\/sat\u0131\u015fta.png\" class=\"attachment-full size-full\" alt=\"\" srcset=\"https:\/\/koylumgrup.com\/wp-content\/uploads\/2017\/04\/sat\u0131\u015fta.png 600w, https:\/\/koylumgrup.com\/wp-content\/uploads\/2017\/04\/sat\u0131\u015fta-300x262.png 300w\" sizes=\"auto, (max-width: 600px) 100vw, 600px\" \/><\/a><\/div><\/div><\/div><\/div><\/div><\/div><\/div><\/section>\n","protected":false},"excerpt":{"rendered":"Corporate Corporate Our Values Customer Services Contact Projects Completed Projects Ongoing projects Sales Ongoing Projects Operations Construction Real-Estate Architecture Energy Energy Investments Information Technologies International...","protected":false},"author":1,"featured_media":0,"parent":0,"menu_order":0,"comment_status":"closed","ping_status":"closed","template":"","meta":{"footnotes":""},"class_list":["post-222","page","type-page","status-publish","hentry"],"_links":{"self":[{"href":"https:\/\/koylumgrup.com\/en\/wp-json\/wp\/v2\/pages\/222","targetHints":{"allow":["GET"]}}],"collection":[{"href":"https:\/\/koylumgrup.com\/en\/wp-json\/wp\/v2\/pages"}],"about":[{"href":"https:\/\/koylumgrup.com\/en\/wp-json\/wp\/v2\/types\/page"}],"author":[{"embeddable":true,"href":"https:\/\/koylumgrup.com\/en\/wp-json\/wp\/v2\/users\/1"}],"replies":[{"embeddable":true,"href":"https:\/\/koylumgrup.com\/en\/wp-json\/wp\/v2\/comments?post=222"}],"version-history":[{"count":7,"href":"https:\/\/koylumgrup.com\/en\/wp-json\/wp\/v2\/pages\/222\/revisions"}],"predecessor-version":[{"id":729,"href":"https:\/\/koylumgrup.com\/en\/wp-json\/wp\/v2\/pages\/222\/revisions\/729"}],"wp:attachment":[{"href":"https:\/\/koylumgrup.com\/en\/wp-json\/wp\/v2\/media?parent=222"}],"curies":[{"name":"wp","href":"https:\/\/api.w.org\/{rel}","templated":true}]}}