{"id":1113,"date":"2022-04-23T14:27:21","date_gmt":"2022-04-23T11:27:21","guid":{"rendered":"https:\/\/koylumgrup.com\/en\/?page_id=1113"},"modified":"2022-04-23T14:31:14","modified_gmt":"2022-04-23T11:31:14","slug":"international-trade","status":"publish","type":"page","link":"https:\/\/koylumgrup.com\/en\/international-trade\/","title":{"rendered":"International Trade"},"content":{"rendered":"<section class=\"l-section wpb_row height_medium\"><div class=\"l-section-h i-cf\"><div class=\"g-cols type_default valign_middle\"><div class=\"vc_col-sm-12 wpb_column vc_column_container\"><div class=\"vc_column-inner\"><div class=\"wpb_wrapper\"><div class=\"g-cols wpb_row type_default valign_top vc_column-gap-10 vc_inner \"><div class=\"vc_col-sm-6 wpb_column vc_column_container\"><div class=\"vc_column-inner\"><div class=\"wpb_wrapper\"><div class=\"w-separator type_invisible size_medium thick_1 style_solid color_border cont_none\"><span class=\"w-separator-h\"><\/span><\/div>\n\t<div class=\"wpb_text_column \">\n\t\t<div class=\"wpb_wrapper\">\n\t\t\t<h4>Foreign Trade Operations<\/h4>\n<p>Our operation department provides services in import, export, customs clearance, legislations, and logistics. By undertaking the operational process of all kinds of foreign trade activities, we ensure the process is completed flawlessly. With 30 years of experience, we develop solutions compatible with business needs for private sector manufacturers and consignees, namely Koylum Group companies.<\/p>\n<p>While we take steps to set sector standards in all projects that are completed by our skilled and expert team, we support all foreign trade activities to maximize profit potential and create value for products, resources, advertisement and to reach out to bigger markets.<\/p>\n\n\t\t<\/div>\n\t<\/div>\n<\/div><\/div><\/div><div class=\"vc_col-sm-6 wpb_column vc_column_container\"><div class=\"vc_column-inner\"><div class=\"wpb_wrapper\"><div class=\"w-image style_simple\"><div class=\"us-frame\"><img loading=\"lazy\" decoding=\"async\" width=\"768\" height=\"512\" src=\"https:\/\/koylumgrup.com\/wp-content\/uploads\/2022\/04\/distant-shot-port-with-boats-loaded-with-cargo-shipment-during-nighttime_181624-2392-768x512.jpg\" class=\"attachment-medium_large size-medium_large\" alt=\"\" srcset=\"https:\/\/koylumgrup.com\/wp-content\/uploads\/2022\/04\/distant-shot-port-with-boats-loaded-with-cargo-shipment-during-nighttime_181624-2392-768x512.jpg 768w, https:\/\/koylumgrup.com\/wp-content\/uploads\/2022\/04\/distant-shot-port-with-boats-loaded-with-cargo-shipment-during-nighttime_181624-2392-300x200.jpg 300w, https:\/\/koylumgrup.com\/wp-content\/uploads\/2022\/04\/distant-shot-port-with-boats-loaded-with-cargo-shipment-during-nighttime_181624-2392-600x400.jpg 600w, https:\/\/koylumgrup.com\/wp-content\/uploads\/2022\/04\/distant-shot-port-with-boats-loaded-with-cargo-shipment-during-nighttime_181624-2392.jpg 900w\" sizes=\"auto, (max-width: 768px) 100vw, 768px\" \/><\/div><\/div><\/div><\/div><\/div><\/div><\/div><\/div><\/div><\/div><\/div><\/section><section class=\"l-section wpb_row height_medium\"><div class=\"l-section-h i-cf\"><div class=\"g-cols type_default valign_middle\"><div class=\"vc_col-sm-12 wpb_column vc_column_container\"><div class=\"vc_column-inner\"><div class=\"wpb_wrapper\"><div class=\"g-cols wpb_row type_default valign_top vc_column-gap-10 vc_inner \"><div class=\"vc_col-sm-6 wpb_column vc_column_container\"><div class=\"vc_column-inner\"><div class=\"wpb_wrapper\"><div class=\"w-image style_simple\"><div class=\"us-frame\"><img loading=\"lazy\" decoding=\"async\" width=\"740\" height=\"690\" src=\"https:\/\/koylumgrup.com\/wp-content\/uploads\/2022\/04\/low-angle-view-skyscrapers_1359-1092.jpg\" class=\"attachment-medium_large size-medium_large\" alt=\"\" srcset=\"https:\/\/koylumgrup.com\/wp-content\/uploads\/2022\/04\/low-angle-view-skyscrapers_1359-1092.jpg 740w, https:\/\/koylumgrup.com\/wp-content\/uploads\/2022\/04\/low-angle-view-skyscrapers_1359-1092-300x280.jpg 300w, https:\/\/koylumgrup.com\/wp-content\/uploads\/2022\/04\/low-angle-view-skyscrapers_1359-1092-600x559.jpg 600w\" sizes=\"auto, (max-width: 740px) 100vw, 740px\" \/><\/div><\/div><\/div><\/div><\/div><div class=\"vc_col-sm-6 wpb_column vc_column_container\"><div class=\"vc_column-inner\"><div class=\"wpb_wrapper\"><div class=\"w-separator type_invisible size_large thick_1 style_solid color_border cont_none\"><span class=\"w-separator-h\"><\/span><\/div>\n\t<div class=\"wpb_text_column \">\n\t\t<div class=\"wpb_wrapper\">\n\t\t\t<h4>Financial Services<\/h4>\n<p>As a Foreign Trade Capital Company for 30 years, we have been optimally using our domestic and abroad resources that are needed to finance foreign trade.<br \/>\nWe also act as an intermediary for supplier and consignee loans to provide funding for commercial loans via both Turkish and foreign banks for both Turkish Lira and foreign currencies with our various services including VAT return advantages in terms of tax legislation, Eximbank loan benefits, export loans, Eximbank insurance, and follow-up of export goods prices in terms of foreign exchange law.<br \/>\nWe ensure that financing receivables are covered by insurance and that they are deferred. Also provide insurance covering for financial receivables arising from export and trade, and payment plan constitution for them.<\/p>\n<p>We consider our financial services together with our operational processes to provide end-to-end solutions by creating a difference when compared to other institutions.<\/p>\n\n\t\t<\/div>\n\t<\/div>\n<\/div><\/div><\/div><\/div><\/div><\/div><\/div><\/div><\/div><\/section><section class=\"l-section wpb_row height_medium\"><div class=\"l-section-h i-cf\"><div class=\"g-cols type_default valign_top vc_column-gap-35\"><div class=\"vc_col-sm-6 wpb_column vc_column_container\"><div class=\"vc_column-inner\"><div class=\"wpb_wrapper\">\n\t<div class=\"wpb_text_column \">\n\t\t<div class=\"wpb_wrapper\">\n\t\t\t<h4>Overall Trade<\/h4>\n\n\t\t<\/div>\n\t<\/div>\n<div class=\"w-separator type_invisible size_medium thick_1 style_solid color_border cont_none\"><span class=\"w-separator-h\"><\/span><\/div><div class=\"w-tabs layout_default accordion title_left icon_chevron iconpos_right \"><div class=\"w-tabs-list items_4\"><div class=\"w-tabs-list-h\"><div class=\"w-tabs-item\"><a href=\"#1650711785496-383b030a-1835\" class=\"w-tabs-item-h\"><span class=\"w-tabs-item-title\">Humanitarian Aid<\/span><\/a><\/div>\n<div class=\"w-tabs-item\"><a href=\"#1650711823344-0896270c-b3e1\" class=\"w-tabs-item-h\"><span class=\"w-tabs-item-title\">Foodstuff<\/span><\/a><\/div>\n<div class=\"w-tabs-item\"><a href=\"#1650711820556-d0187798-eb3b\" class=\"w-tabs-item-h\"><span class=\"w-tabs-item-title\">Business Development<\/span><\/a><\/div>\n<div class=\"w-tabs-item\"><a href=\"#1650711900011-454afbc5-1957\" class=\"w-tabs-item-h\"><span class=\"w-tabs-item-title\">Purchasing an Iron-Steel Center<\/span><\/a><\/div>\n<\/div><\/div><div class=\"w-tabs-sections\"><div class=\"w-tabs-sections-h\"><div class=\"w-tabs-section\" id=\"1650711785496-383b030a-1835\"><a href=\"#1650711785496-383b030a-1835\" class=\"w-tabs-section-header\"><div class=\"w-tabs-section-header-h\"><h5 class=\"w-tabs-section-title\">Humanitarian Aid<\/h5><div class=\"w-tabs-section-control\"><\/div><\/div><\/a><div class=\"w-tabs-section-content\"><div class=\"w-tabs-section-content-h i-cf\">\n\t<div class=\"wpb_text_column \">\n\t\t<div class=\"wpb_wrapper\">\n\t\t\t<p>We have been working on Humanitarian Aid products for many years now. We procure various materials for humanitarian aid organizations from various countries all around the world, starting with our neighbors that require the need.<\/p>\n\n\t\t<\/div>\n\t<\/div>\n<\/div><\/div><\/div><div class=\"w-tabs-section\" id=\"1650711823344-0896270c-b3e1\"><a href=\"#1650711823344-0896270c-b3e1\" class=\"w-tabs-section-header\"><div class=\"w-tabs-section-header-h\"><h5 class=\"w-tabs-section-title\">Foodstuff<\/h5><div class=\"w-tabs-section-control\"><\/div><\/div><\/a><div class=\"w-tabs-section-content\"><div class=\"w-tabs-section-content-h i-cf\">\n\t<div class=\"wpb_text_column \">\n\t\t<div class=\"wpb_wrapper\">\n\t\t\t<p>With almost 30-year-worth of experience, we provide all kinds of support and market information for producers who want to export food products to their natural markets.<br \/>\nWe continue growing by increasing our product and market variety each day.<\/p>\n\n\t\t<\/div>\n\t<\/div>\n<\/div><\/div><\/div><div class=\"w-tabs-section\" id=\"1650711820556-d0187798-eb3b\"><a href=\"#1650711820556-d0187798-eb3b\" class=\"w-tabs-section-header\"><div class=\"w-tabs-section-header-h\"><h5 class=\"w-tabs-section-title\">Business Development<\/h5><div class=\"w-tabs-section-control\"><\/div><\/div><\/a><div class=\"w-tabs-section-content\"><div class=\"w-tabs-section-content-h i-cf\">\n\t<div class=\"wpb_text_column \">\n\t\t<div class=\"wpb_wrapper\">\n\t\t\t<p>We structure our business development policy around export-based growth, around having a voice in world trade, and around strategical investments that will not only create financial values, but also future-shaping values. With daring moves, we discover new markets with a potential and generate solutions that focus on the need of companies and customers.<\/p>\n\n\t\t<\/div>\n\t<\/div>\n<\/div><\/div><\/div><div class=\"w-tabs-section\" id=\"1650711900011-454afbc5-1957\"><a href=\"#1650711900011-454afbc5-1957\" class=\"w-tabs-section-header\"><div class=\"w-tabs-section-header-h\"><h5 class=\"w-tabs-section-title\">Purchasing an Iron-Steel Center<\/h5><div class=\"w-tabs-section-control\"><\/div><\/div><\/a><div class=\"w-tabs-section-content\"><div class=\"w-tabs-section-content-h i-cf\">\n\t<div class=\"wpb_text_column \">\n\t\t<div class=\"wpb_wrapper\">\n\t\t\t<p>We provide services for Koylum Group\u2019s companies that are flat steel users and for their sub-industrialists via a central purchasing system.<br \/>\nThis way, we are able to procure flat steel, which is an important element of production for leader companies in white appliances, automotive, energy, and food sectors, with maximum benefits within the current market conditions through a group synergy.<br \/>\nOur business unit working to this end continues to provide uninterrupted and high-quality services within the framework of the contracts signed with Ere\u011fli Demir ve \u00c7elik Fabrikalar\u0131 T.A.\u015e, which is a known and respected brand in flat steel.<\/p>\n\n\t\t<\/div>\n\t<\/div>\n<\/div><\/div><\/div><\/div><\/div><\/div><\/div><\/div><\/div><div class=\"vc_col-sm-6 wpb_column vc_column_container\"><div class=\"vc_column-inner\"><div class=\"wpb_wrapper\"><div class=\"w-image style_simple\"><div class=\"us-frame\"><img loading=\"lazy\" decoding=\"async\" width=\"768\" height=\"510\" src=\"https:\/\/koylumgrup.com\/wp-content\/uploads\/2022\/04\/uluslararas\u0131iliskiler-768x510.jpg\" class=\"attachment-medium_large size-medium_large\" alt=\"\" srcset=\"https:\/\/koylumgrup.com\/wp-content\/uploads\/2022\/04\/uluslararas\u0131iliskiler-768x510.jpg 768w, https:\/\/koylumgrup.com\/wp-content\/uploads\/2022\/04\/uluslararas\u0131iliskiler-300x199.jpg 300w, https:\/\/koylumgrup.com\/wp-content\/uploads\/2022\/04\/uluslararas\u0131iliskiler-600x398.jpg 600w, https:\/\/koylumgrup.com\/wp-content\/uploads\/2022\/04\/uluslararas\u0131iliskiler.jpg 996w\" sizes=\"auto, (max-width: 768px) 100vw, 768px\" \/><\/div><\/div><\/div><\/div><\/div><\/div><\/div><\/section>\n","protected":false},"excerpt":{"rendered":"Corporate Corporate Our Values Customer Services Contact Projects Completed Projects Ongoing projects Sales Ongoing Projects Operations Construction Real-Estate Architecture Energy Energy Investments Information Technologies International...","protected":false},"author":1,"featured_media":1082,"parent":0,"menu_order":0,"comment_status":"closed","ping_status":"closed","template":"","meta":{"footnotes":""},"class_list":["post-1113","page","type-page","status-publish","has-post-thumbnail","hentry"],"_links":{"self":[{"href":"https:\/\/koylumgrup.com\/en\/wp-json\/wp\/v2\/pages\/1113","targetHints":{"allow":["GET"]}}],"collection":[{"href":"https:\/\/koylumgrup.com\/en\/wp-json\/wp\/v2\/pages"}],"about":[{"href":"https:\/\/koylumgrup.com\/en\/wp-json\/wp\/v2\/types\/page"}],"author":[{"embeddable":true,"href":"https:\/\/koylumgrup.com\/en\/wp-json\/wp\/v2\/users\/1"}],"replies":[{"embeddable":true,"href":"https:\/\/koylumgrup.com\/en\/wp-json\/wp\/v2\/comments?post=1113"}],"version-history":[{"count":3,"href":"https:\/\/koylumgrup.com\/en\/wp-json\/wp\/v2\/pages\/1113\/revisions"}],"predecessor-version":[{"id":1118,"href":"https:\/\/koylumgrup.com\/en\/wp-json\/wp\/v2\/pages\/1113\/revisions\/1118"}],"wp:featuredmedia":[{"embeddable":true,"href":"https:\/\/koylumgrup.com\/en\/wp-json\/wp\/v2\/media\/1082"}],"wp:attachment":[{"href":"https:\/\/koylumgrup.com\/en\/wp-json\/wp\/v2\/media?parent=1113"}],"curies":[{"name":"wp","href":"https:\/\/api.w.org\/{rel}","templated":true}]}}